{"id":28,"date":"2024-09-30T19:29:21","date_gmt":"2024-09-30T17:29:21","guid":{"rendered":"http:\/\/energisun.fr\/?page_id=28"},"modified":"2025-07-27T17:49:58","modified_gmt":"2025-07-27T15:49:58","slug":"energisun-installateur-photovoltaique-a-sainte-eulalie-qui-sommes-nous","status":"publish","type":"page","link":"https:\/\/energisun.fr\/index.php\/energisun-installateur-photovoltaique-a-sainte-eulalie-qui-sommes-nous\/","title":{"rendered":"Qui sommes-nous?"},"content":{"rendered":"\t\t<div data-elementor-type=\"wp-page\" data-elementor-id=\"28\" class=\"elementor elementor-28\">\n\t\t\t\t<div class=\"elementor-element elementor-element-8a1fc19 e-con-full e-flex e-con e-parent\" data-id=\"8a1fc19\" data-element_type=\"container\" data-e-type=\"container\">\n\t\t<div class=\"elementor-element elementor-element-ad78d60 e-con-full e-flex e-con e-child\" data-id=\"ad78d60\" data-element_type=\"container\" data-e-type=\"container\">\n\t\t\t\t<div class=\"elementor-element elementor-element-0cb7705 elementor-widget elementor-widget-image\" data-id=\"0cb7705\" data-element_type=\"widget\" data-e-type=\"widget\" data-widget_type=\"image.default\">\n\t\t\t\t<div class=\"elementor-widget-container\">\n\t\t\t\t\t\t\t\t\t\t\t\t\t\t\t<img fetchpriority=\"high\" decoding=\"async\" width=\"2000\" height=\"1198\" src=\"https:\/\/energisun.fr\/wp-content\/uploads\/2024\/09\/cropped-cropped-IMG_FFF4C63F95BC-1.jpeg\" class=\"attachment-full size-full wp-image-92\" alt=\"pv 9 kw cap ferret expert en photovolta\u00efque en nouvelle aquitaine\" srcset=\"https:\/\/energisun.fr\/wp-content\/uploads\/2024\/09\/cropped-cropped-IMG_FFF4C63F95BC-1.jpeg 2000w, https:\/\/energisun.fr\/wp-content\/uploads\/2024\/09\/cropped-cropped-IMG_FFF4C63F95BC-1-300x180.jpeg 300w, https:\/\/energisun.fr\/wp-content\/uploads\/2024\/09\/cropped-cropped-IMG_FFF4C63F95BC-1-1024x613.jpeg 1024w, https:\/\/energisun.fr\/wp-content\/uploads\/2024\/09\/cropped-cropped-IMG_FFF4C63F95BC-1-768x460.jpeg 768w, https:\/\/energisun.fr\/wp-content\/uploads\/2024\/09\/cropped-cropped-IMG_FFF4C63F95BC-1-1536x920.jpeg 1536w\" sizes=\"(max-width: 2000px) 100vw, 2000px\" \/>\t\t\t\t\t\t\t\t\t\t\t\t\t\t\t<\/div>\n\t\t\t\t<\/div>\n\t\t\t\t<\/div>\n\t\t\t\t<\/div>\n\t\t<div class=\"elementor-element elementor-element-5a7c72f e-flex e-con-boxed e-con e-parent\" data-id=\"5a7c72f\" data-element_type=\"container\" data-e-type=\"container\">\n\t\t\t\t\t<div class=\"e-con-inner\">\n\t\t\t\t<div class=\"elementor-element elementor-element-ae0342e elementor-widget-divider--view-line elementor-widget elementor-widget-divider\" data-id=\"ae0342e\" data-element_type=\"widget\" data-e-type=\"widget\" data-widget_type=\"divider.default\">\n\t\t\t\t<div class=\"elementor-widget-container\">\n\t\t\t\t\t\t\t<div class=\"elementor-divider\">\n\t\t\t<span class=\"elementor-divider-separator\">\n\t\t\t\t\t\t<\/span>\n\t\t<\/div>\n\t\t\t\t\t\t<\/div>\n\t\t\t\t<\/div>\n\t\t\t\t<div class=\"elementor-element elementor-element-043493d elementor-widget elementor-widget-heading\" data-id=\"043493d\" data-element_type=\"widget\" data-e-type=\"widget\" data-widget_type=\"heading.default\">\n\t\t\t\t<div class=\"elementor-widget-container\">\n\t\t\t\t\t<h2 class=\"elementor-heading-title elementor-size-default\">Energisun, est la derni\u00e8re-n\u00e9e du groupe Energical, \u00e9tabli en 2013. <br><br>Sp\u00e9cialis\u00e9e dans les solutions photovolta\u00efques et \u00e9lectriques , Energisun s'engage \u00e0 fournir des installations solaires de haute qualit\u00e9 pour les particuliers et les entreprises. <br><br>En tant que p\u00f4le d\u2019expertise en \u00e9nergie renouvelable du groupe, notre soci\u00e9t\u00e9 s'appuie sur l'exp\u00e9rience d'Energical et sur les comp\u00e9tences de notre PDG, titulaire de la qualification QualiPV 500, pour garantir des services fiables et performants.<br><br> Assur\u00e9e par AXA France, EnergiSun s\u2019engage \u00e0 assurer la s\u00e9curit\u00e9 et la durabilit\u00e9 de chaque projet.\n\nEn choisissant EnergiSun, vous b\u00e9n\u00e9ficiez d'un accompagnement complet, de l\u2019\u00e9tude initiale \u00e0 la mise en service de votre installation, avec un support client d\u00e9di\u00e9 pour une satisfaction maximale.\n\nEnsemble, construisons un futur \u00e9nerg\u00e9tique plus vert !<\/h2>\t\t\t\t<\/div>\n\t\t\t\t<\/div>\n\t\t\t\t<div class=\"elementor-element elementor-element-f20ace2 elementor-widget elementor-widget-spacer\" data-id=\"f20ace2\" data-element_type=\"widget\" data-e-type=\"widget\" data-widget_type=\"spacer.default\">\n\t\t\t\t<div class=\"elementor-widget-container\">\n\t\t\t\t\t\t\t<div class=\"elementor-spacer\">\n\t\t\t<div class=\"elementor-spacer-inner\"><\/div>\n\t\t<\/div>\n\t\t\t\t\t\t<\/div>\n\t\t\t\t<\/div>\n\t\t\t\t\t<\/div>\n\t\t\t\t<\/div>\n\t\t<div class=\"elementor-element elementor-element-f4e6f4c e-flex e-con-boxed e-con e-parent\" data-id=\"f4e6f4c\" data-element_type=\"container\" data-e-type=\"container\">\n\t\t\t\t\t<div class=\"e-con-inner\">\n\t\t<div class=\"elementor-element elementor-element-f88a701 e-con-full e-flex e-con e-child\" data-id=\"f88a701\" data-element_type=\"container\" data-e-type=\"container\">\n\t\t\t\t<div class=\"elementor-element elementor-element-88d6e4e elementor-widget elementor-widget-image\" data-id=\"88d6e4e\" data-element_type=\"widget\" data-e-type=\"widget\" data-widget_type=\"image.default\">\n\t\t\t\t<div class=\"elementor-widget-container\">\n\t\t\t\t\t\t\t\t\t\t\t\t\t\t\t<img alt=\"\" decoding=\"async\" width=\"500\" height=\"500\" src=\"https:\/\/energisun.fr\/wp-content\/uploads\/2024\/10\/phot-bureau-energisun.png\" class=\"attachment-large size-large wp-image-266\" alt=\"\" srcset=\"https:\/\/energisun.fr\/wp-content\/uploads\/2024\/10\/phot-bureau-energisun.png 500w, https:\/\/energisun.fr\/wp-content\/uploads\/2024\/10\/phot-bureau-energisun-300x300.png 300w, https:\/\/energisun.fr\/wp-content\/uploads\/2024\/10\/phot-bureau-energisun-150x150.png 150w\" sizes=\"(max-width: 500px) 100vw, 500px\" \/>\t\t\t\t\t\t\t\t\t\t\t\t\t\t\t<\/div>\n\t\t\t\t<\/div>\n\t\t\t\t<\/div>\n\t\t<div class=\"elementor-element elementor-element-d14c23b e-con-full e-flex e-con e-child\" data-id=\"d14c23b\" data-element_type=\"container\" data-e-type=\"container\">\n\t\t\t\t<div class=\"elementor-element elementor-element-bf0b86c elementor-widget elementor-widget-image\" data-id=\"bf0b86c\" data-element_type=\"widget\" data-e-type=\"widget\" data-widget_type=\"image.default\">\n\t\t\t\t<div class=\"elementor-widget-container\">\n\t\t\t\t\t\t\t\t\t\t\t\t\t\t\t<img alt=\"\" decoding=\"async\" width=\"500\" height=\"500\" src=\"https:\/\/energisun.fr\/wp-content\/uploads\/2024\/10\/photo-pleins-de-panneaux-energisun.png\" class=\"attachment-large size-large wp-image-257\" alt=\"\" srcset=\"https:\/\/energisun.fr\/wp-content\/uploads\/2024\/10\/photo-pleins-de-panneaux-energisun.png 500w, https:\/\/energisun.fr\/wp-content\/uploads\/2024\/10\/photo-pleins-de-panneaux-energisun-300x300.png 300w, https:\/\/energisun.fr\/wp-content\/uploads\/2024\/10\/photo-pleins-de-panneaux-energisun-150x150.png 150w\" sizes=\"(max-width: 500px) 100vw, 500px\" \/>\t\t\t\t\t\t\t\t\t\t\t\t\t\t\t<\/div>\n\t\t\t\t<\/div>\n\t\t\t\t<\/div>\n\t\t<div class=\"elementor-element elementor-element-0206525 e-con-full e-flex e-con e-child\" data-id=\"0206525\" data-element_type=\"container\" data-e-type=\"container\">\n\t\t\t\t<\/div>\n\t\t\t\t\t<\/div>\n\t\t\t\t<\/div>\n\t\t<div class=\"elementor-element elementor-element-ff0a48c e-flex e-con-boxed e-con e-parent\" data-id=\"ff0a48c\" data-element_type=\"container\" data-e-type=\"container\">\n\t\t\t\t\t<div class=\"e-con-inner\">\n\t\t\t\t<div class=\"elementor-element elementor-element-881edd4 elementor-widget elementor-widget-heading\" data-id=\"881edd4\" data-element_type=\"widget\" data-e-type=\"widget\" data-widget_type=\"heading.default\">\n\t\t\t\t<div class=\"elementor-widget-container\">\n\t\t\t\t\t<h1 class=\"elementor-heading-title elementor-size-default\">Energisun : Une Histoire Familiale, Un Avenir Durable \ud83c\udf1e<\/h1>\t\t\t\t<\/div>\n\t\t\t\t<\/div>\n\t\t\t\t<div class=\"elementor-element elementor-element-5ea8bed elementor-widget elementor-widget-text-editor\" data-id=\"5ea8bed\" data-element_type=\"widget\" data-e-type=\"widget\" data-widget_type=\"text-editor.default\">\n\t\t\t\t<div class=\"elementor-widget-container\">\n\t\t\t\t\t\t\t\t\t<p><strong>Energisun<\/strong>, entreprise familiale du groupe Energical, accompagne les foyers et les entreprises vers un avenir plus vert gr\u00e2ce aux solutions photovolta\u00efques. Notre mission : rendre l&#8217;\u00e9nergie solaire accessible et durable<\/p>\t\t\t\t\t\t\t\t<\/div>\n\t\t\t\t<\/div>\n\t\t\t\t<div class=\"elementor-element elementor-element-d3d8c6f elementor-widget elementor-widget-heading\" data-id=\"d3d8c6f\" data-element_type=\"widget\" data-e-type=\"widget\" data-widget_type=\"heading.default\">\n\t\t\t\t<div class=\"elementor-widget-container\">\n\t\t\t\t\t<h1 class=\"elementor-heading-title elementor-size-default\">Une Entreprise Familiale, des Valeurs Fortes \ud83d\udc68\u200d\ud83d\udc69\u200d\ud83d\udc67\u200d\ud83d\udc66<\/h1>\t\t\t\t<\/div>\n\t\t\t\t<\/div>\n\t\t\t\t<div class=\"elementor-element elementor-element-954b937 elementor-widget elementor-widget-text-editor\" data-id=\"954b937\" data-element_type=\"widget\" data-e-type=\"widget\" data-widget_type=\"text-editor.default\">\n\t\t\t\t<div class=\"elementor-widget-container\">\n\t\t\t\t\t\t\t\t\t<p>Chez Energisun, chaque projet est une histoire de famille. Nos valeurs \u2013 int\u00e9grit\u00e9, confiance et proximit\u00e9 \u2013 se d\u00e9placent dans tout ce que nous entreprenons. En tant qu&#8217;entreprise familiale, nous comprenons l&#8217;importance de b\u00e2tir une relation de confiance avec nos clients<\/p>\t\t\t\t\t\t\t\t<\/div>\n\t\t\t\t<\/div>\n\t\t\t\t<div class=\"elementor-element elementor-element-9069944 elementor-widget elementor-widget-heading\" data-id=\"9069944\" data-element_type=\"widget\" data-e-type=\"widget\" data-widget_type=\"heading.default\">\n\t\t\t\t<div class=\"elementor-widget-container\">\n\t\t\t\t\t<h2 class=\"elementor-heading-title elementor-size-default\">Notre Expertise Issue du Groupe Energical \u2699\ufe0f<\/h2>\t\t\t\t<\/div>\n\t\t\t\t<\/div>\n\t\t\t\t<div class=\"elementor-element elementor-element-b755d76 elementor-widget elementor-widget-text-editor\" data-id=\"b755d76\" data-element_type=\"widget\" data-e-type=\"widget\" data-widget_type=\"text-editor.default\">\n\t\t\t\t<div class=\"elementor-widget-container\">\n\t\t\t\t\t\t\t\t\t<p>Energisun fait partie du groupe Energical, un groupe innovant et leader dans le domaine de l&#8217;\u00e9nergie renouvelable. Cette expertise nous permet de proposer des solutions \u00e0 la pointe de la technologie, adapt\u00e9es aux besoins de chacun<\/p>\t\t\t\t\t\t\t\t<\/div>\n\t\t\t\t<\/div>\n\t\t\t\t<div class=\"elementor-element elementor-element-8c079bf elementor-widget elementor-widget-heading\" data-id=\"8c079bf\" data-element_type=\"widget\" data-e-type=\"widget\" data-widget_type=\"heading.default\">\n\t\t\t\t<div class=\"elementor-widget-container\">\n\t\t\t\t\t<h2 class=\"elementor-heading-title elementor-size-default\">Nos Solutions pour un Avenir Plus Vert \ud83c\udf0d<\/h2>\t\t\t\t<\/div>\n\t\t\t\t<\/div>\n\t\t\t\t\t<\/div>\n\t\t\t\t<\/div>\n\t\t<div class=\"elementor-element elementor-element-4955d18 e-flex e-con-boxed e-con e-parent\" data-id=\"4955d18\" data-element_type=\"container\" data-e-type=\"container\">\n\t\t\t\t\t<div class=\"e-con-inner\">\n\t\t\t\t<div class=\"elementor-element elementor-element-70324c1 elementor-widget elementor-widget-text-editor\" data-id=\"70324c1\" data-element_type=\"widget\" data-e-type=\"widget\" data-widget_type=\"text-editor.default\">\n\t\t\t\t<div class=\"elementor-widget-container\">\n\t\t\t\t\t\t\t\t\t<p>Notre objectif ? Faire de chaque toit une source d&#8217;\u00e9nergie verte. Nous installons des panneaux solaires de qualit\u00e9, issus de marques reconnues (Bourgeois Global, Peimar, DualSun\u2026), et nous proposons \u00e9galement des batteries pour maximiser l&#8217;autonomie. \u00e9nerg\u00e9tique.<\/p>\t\t\t\t\t\t\t\t<\/div>\n\t\t\t\t<\/div>\n\t\t\t\t<div class=\"elementor-element elementor-element-35e51c1 elementor-widget elementor-widget-heading\" data-id=\"35e51c1\" data-element_type=\"widget\" data-e-type=\"widget\" data-widget_type=\"heading.default\">\n\t\t\t\t<div class=\"elementor-widget-container\">\n\t\t\t\t\t<h2 class=\"elementor-heading-title elementor-size-default\"> La Qualit\u00e9 et l'Innovation au C\u0153ur de Nos Services \u26a1<\/h2>\t\t\t\t<\/div>\n\t\t\t\t<\/div>\n\t\t\t\t<div class=\"elementor-element elementor-element-577bbc2 elementor-widget elementor-widget-text-editor\" data-id=\"577bbc2\" data-element_type=\"widget\" data-e-type=\"widget\" data-widget_type=\"text-editor.default\">\n\t\t\t\t<div class=\"elementor-widget-container\">\n\t\t\t\t\t\t\t\t\t<p>De l&#8217;\u00e9tude personnalis\u00e9e \u00e0 l&#8217;installation, chaque \u00e9tape est prise en charge par notre \u00e9quipe d&#8217;experts. Avec notre label QualiPV, nous garantissons des installations conformes aux normes les plus strictes.<\/p>\t\t\t\t\t\t\t\t<\/div>\n\t\t\t\t<\/div>\n\t\t\t\t<div class=\"elementor-element elementor-element-372c00a elementor-widget elementor-widget-heading\" data-id=\"372c00a\" data-element_type=\"widget\" data-e-type=\"widget\" data-widget_type=\"heading.default\">\n\t\t\t\t<div class=\"elementor-widget-container\">\n\t\t\t\t\t<h2 class=\"elementor-heading-title elementor-size-default\">T\u00e9moignages de Nos Clients Satisfaits \ud83d\ude0a<\/h2>\t\t\t\t<\/div>\n\t\t\t\t<\/div>\n\t\t\t\t<div class=\"elementor-element elementor-element-931e93b elementor-widget elementor-widget-text-editor\" data-id=\"931e93b\" data-element_type=\"widget\" data-e-type=\"widget\" data-widget_type=\"text-editor.default\">\n\t\t\t\t<div class=\"elementor-widget-container\">\n\t\t\t\t\t\t\t\t\t<p>Nos clients sont notre meilleure fiert\u00e9. D\u00e9couvrez leurs t\u00e9moignages et voyez comment Energisun les aide \u00e0 r\u00e9duire leur facture \u00e9nerg\u00e9tique tout en respectant l&#8217;environnement.<\/p>\t\t\t\t\t\t\t\t<\/div>\n\t\t\t\t<\/div>\n\t\t\t\t<div class=\"elementor-element elementor-element-a27a380 elementor-widget elementor-widget-heading\" data-id=\"a27a380\" data-element_type=\"widget\" data-e-type=\"widget\" data-widget_type=\"heading.default\">\n\t\t\t\t<div class=\"elementor-widget-container\">\n\t\t\t\t\t<h2 class=\"elementor-heading-title elementor-size-default\">Engag\u00e9s pour le Futur des G\u00e9n\u00e9rations \ud83c\udf31<\/h2>\t\t\t\t<\/div>\n\t\t\t\t<\/div>\n\t\t\t\t<div class=\"elementor-element elementor-element-c6586fe elementor-widget elementor-widget-text-editor\" data-id=\"c6586fe\" data-element_type=\"widget\" data-e-type=\"widget\" data-widget_type=\"text-editor.default\">\n\t\t\t\t<div class=\"elementor-widget-container\">\n\t\t\t\t\t\t\t\t\t<p>En tant qu&#8217;entreprise familiale, nous croyons en l&#8217;importance de l\u00e9guer un monde plus propre aux g\u00e9n\u00e9rations futures. Rejoignez-nous dans cette aventure pour un avenir lumineux et durable.<\/p>\t\t\t\t\t\t\t\t<\/div>\n\t\t\t\t<\/div>\n\t\t\t\t<div class=\"elementor-element elementor-element-c700fd4 elementor-widget elementor-widget-heading\" data-id=\"c700fd4\" data-element_type=\"widget\" data-e-type=\"widget\" data-widget_type=\"heading.default\">\n\t\t\t\t<div class=\"elementor-widget-container\">\n\t\t\t\t\t<h2 class=\"elementor-heading-title elementor-size-default\">Comment Nous Contacter \ud83d\udcde<\/h2>\t\t\t\t<\/div>\n\t\t\t\t<\/div>\n\t\t\t\t<div class=\"elementor-element elementor-element-5825c4b elementor-widget elementor-widget-text-editor\" data-id=\"5825c4b\" data-element_type=\"widget\" data-e-type=\"widget\" data-widget_type=\"text-editor.default\">\n\t\t\t\t<div class=\"elementor-widget-container\">\n\t\t\t\t\t\t\t\t\t<p>Pr\u00eat \u00e0 passer \u00e0 l&#8217;\u00e9nergie solaire ? Contactez-nous d\u00e8s aujourd&#8217;hui ! Notre \u00e9quipe est l\u00e0 pour r\u00e9pondre \u00e0 toutes vos questions et vous accompagner dans votre projet solaire.<\/p>\t\t\t\t\t\t\t\t<\/div>\n\t\t\t\t<\/div>\n\t\t\t\t\t<\/div>\n\t\t\t\t<\/div>\n\t\t\t\t<\/div>\n\t\t","protected":false},"excerpt":{"rendered":"<p>Energisun, est la derni\u00e8re-n\u00e9e du groupe Energical, \u00e9tabli en 2013. Sp\u00e9cialis\u00e9e dans les solutions photovolta\u00efques et \u00e9lectriques , Energisun s&#8217;engage \u00e0 fournir des installations solaires de haute qualit\u00e9 pour les particuliers et les entreprises. En tant que p\u00f4le d\u2019expertise en \u00e9nergie renouvelable du groupe, notre soci\u00e9t\u00e9 s&#8217;appuie sur l&#8217;exp\u00e9rience d&#8217;Energical et sur les comp\u00e9tences de [&hellip;]<\/p>\n","protected":false},"author":1,"featured_media":0,"parent":0,"menu_order":0,"comment_status":"closed","ping_status":"closed","template":"","meta":{"_seopress_robots_primary_cat":"","_seopress_titles_title":"Energisun photovolta\u00efque & \u00e9lectricit\u00e9 g\u00e9n\u00e9rale \u00e0 Sainte-Eulalie","_seopress_titles_desc":"D\u00e9couvrez Energisun, expert en installation photovolta\u00efque \u00e0 Sainte-Eulalie. Une entreprise locale certifi\u00e9e RGE au service de vos projets solaires.","_seopress_robots_index":"","ocean_post_layout":"","ocean_both_sidebars_style":"","ocean_both_sidebars_content_width":0,"ocean_both_sidebars_sidebars_width":0,"ocean_sidebar":"","ocean_second_sidebar":"","ocean_disable_margins":"enable","ocean_add_body_class":"","ocean_shortcode_before_top_bar":"","ocean_shortcode_after_top_bar":"","ocean_shortcode_before_header":"","ocean_shortcode_after_header":"","ocean_has_shortcode":"","ocean_shortcode_after_title":"","ocean_shortcode_before_footer_widgets":"","ocean_shortcode_after_footer_widgets":"","ocean_shortcode_before_footer_bottom":"","ocean_shortcode_after_footer_bottom":"","ocean_display_top_bar":"default","ocean_display_header":"default","ocean_header_style":"","ocean_center_header_left_menu":"","ocean_custom_header_template":"","ocean_custom_logo":0,"ocean_custom_retina_logo":0,"ocean_custom_logo_max_width":0,"ocean_custom_logo_tablet_max_width":0,"ocean_custom_logo_mobile_max_width":0,"ocean_custom_logo_max_height":0,"ocean_custom_logo_tablet_max_height":0,"ocean_custom_logo_mobile_max_height":0,"ocean_header_custom_menu":"","ocean_menu_typo_font_family":"","ocean_menu_typo_font_subset":"","ocean_menu_typo_font_size":0,"ocean_menu_typo_font_size_tablet":0,"ocean_menu_typo_font_size_mobile":0,"ocean_menu_typo_font_size_unit":"px","ocean_menu_typo_font_weight":"","ocean_menu_typo_font_weight_tablet":"","ocean_menu_typo_font_weight_mobile":"","ocean_menu_typo_transform":"","ocean_menu_typo_transform_tablet":"","ocean_menu_typo_transform_mobile":"","ocean_menu_typo_line_height":0,"ocean_menu_typo_line_height_tablet":0,"ocean_menu_typo_line_height_mobile":0,"ocean_menu_typo_line_height_unit":"","ocean_menu_typo_spacing":0,"ocean_menu_typo_spacing_tablet":0,"ocean_menu_typo_spacing_mobile":0,"ocean_menu_typo_spacing_unit":"","ocean_menu_link_color":"","ocean_menu_link_color_hover":"","ocean_menu_link_color_active":"","ocean_menu_link_background":"","ocean_menu_link_hover_background":"","ocean_menu_link_active_background":"","ocean_menu_social_links_bg":"","ocean_menu_social_hover_links_bg":"","ocean_menu_social_links_color":"","ocean_menu_social_hover_links_color":"","ocean_disable_title":"default","ocean_disable_heading":"default","ocean_post_title":"","ocean_post_subheading":"","ocean_post_title_style":"","ocean_post_title_background_color":"","ocean_post_title_background":0,"ocean_post_title_bg_image_position":"","ocean_post_title_bg_image_attachment":"","ocean_post_title_bg_image_repeat":"","ocean_post_title_bg_image_size":"","ocean_post_title_height":0,"ocean_post_title_bg_overlay":0.5,"ocean_post_title_bg_overlay_color":"","ocean_disable_breadcrumbs":"default","ocean_breadcrumbs_color":"","ocean_breadcrumbs_separator_color":"","ocean_breadcrumbs_links_color":"","ocean_breadcrumbs_links_hover_color":"","ocean_display_footer_widgets":"default","ocean_display_footer_bottom":"default","ocean_custom_footer_template":"","footnotes":""},"class_list":["post-28","page","type-page","status-publish","hentry","entry"],"_links":{"self":[{"href":"https:\/\/energisun.fr\/index.php\/wp-json\/wp\/v2\/pages\/28","targetHints":{"allow":["GET"]}}],"collection":[{"href":"https:\/\/energisun.fr\/index.php\/wp-json\/wp\/v2\/pages"}],"about":[{"href":"https:\/\/energisun.fr\/index.php\/wp-json\/wp\/v2\/types\/page"}],"author":[{"embeddable":true,"href":"https:\/\/energisun.fr\/index.php\/wp-json\/wp\/v2\/users\/1"}],"replies":[{"embeddable":true,"href":"https:\/\/energisun.fr\/index.php\/wp-json\/wp\/v2\/comments?post=28"}],"version-history":[{"count":35,"href":"https:\/\/energisun.fr\/index.php\/wp-json\/wp\/v2\/pages\/28\/revisions"}],"predecessor-version":[{"id":814,"href":"https:\/\/energisun.fr\/index.php\/wp-json\/wp\/v2\/pages\/28\/revisions\/814"}],"wp:attachment":[{"href":"https:\/\/energisun.fr\/index.php\/wp-json\/wp\/v2\/media?parent=28"}],"curies":[{"name":"wp","href":"https:\/\/api.w.org\/{rel}","templated":true}]}}